{"id":4994,"date":"2021-03-31T08:48:53","date_gmt":"2021-03-31T08:48:53","guid":{"rendered":"http:\/\/villa-trocadero.com\/booking\/"},"modified":"2021-04-07T20:24:07","modified_gmt":"2021-04-07T20:24:07","slug":"reservation","status":"publish","type":"page","link":"https:\/\/villa-trocadero.com\/fr\/reservation\/","title":{"rendered":"R\u00e9servation"},"content":{"rendered":"\t\t<div data-elementor-type=\"wp-page\" data-elementor-id=\"4994\" class=\"elementor elementor-4994 elementor-4530\">\n\t\t\t\t\t\t<section class=\"elementor-section elementor-top-section elementor-element elementor-element-63cc33c elementor-section-boxed elementor-section-height-default elementor-section-height-default qodef-elementor-content-no\" data-id=\"63cc33c\" data-element_type=\"section\" data-e-type=\"section\">\n\t\t\t\t\t\t<div class=\"elementor-container elementor-column-gap-default\">\n\t\t\t\t\t<div class=\"elementor-column elementor-col-100 elementor-top-column elementor-element elementor-element-bd83c8a\" data-id=\"bd83c8a\" data-element_type=\"column\" data-e-type=\"column\">\n\t\t\t<div class=\"elementor-widget-wrap elementor-element-populated\">\n\t\t\t\t\t\t<div class=\"elementor-element elementor-element-2f5be86 elementor-widget elementor-widget-heading\" data-id=\"2f5be86\" data-element_type=\"widget\" data-e-type=\"widget\" data-widget_type=\"heading.default\">\n\t\t\t\t<div class=\"elementor-widget-container\">\n\t\t\t\t\t<h2 class=\"elementor-heading-title elementor-size-xl\">R\u00e9servez votre s\u00e9jour<\/h2>\t\t\t\t<\/div>\n\t\t\t\t<\/div>\n\t\t\t\t\t<\/div>\n\t\t<\/div>\n\t\t\t\t\t<\/div>\n\t\t<\/section>\n\t\t\t\t<section class=\"elementor-section elementor-top-section elementor-element elementor-element-c8e523a elementor-section-boxed elementor-section-height-default elementor-section-height-default qodef-elementor-content-no\" data-id=\"c8e523a\" data-element_type=\"section\" data-e-type=\"section\">\n\t\t\t\t\t\t<div class=\"elementor-container elementor-column-gap-default\">\n\t\t\t\t\t<div class=\"elementor-column elementor-col-100 elementor-top-column elementor-element elementor-element-78150e6\" data-id=\"78150e6\" data-element_type=\"column\" data-e-type=\"column\">\n\t\t\t<div class=\"elementor-widget-wrap elementor-element-populated\">\n\t\t\t\t\t\t<div class=\"elementor-element elementor-element-76f0ee7 elementor-widget elementor-widget-text-editor\" data-id=\"76f0ee7\" data-element_type=\"widget\" data-e-type=\"widget\" data-widget_type=\"text-editor.default\">\n\t\t\t\t<div class=\"elementor-widget-container\">\n\t\t\t\t\t\t\t\t\t<p>Vous pouvez facilement r\u00e9server votre s\u00e9jour \u00e0 la Villa Trocadero via notre site Web.<\/p><p>Choisissez la p\u00e9riode que vous souhaitez r\u00e9server, v\u00e9rifiez les disponibilit\u00e9s puis envoyez-nous un mail !<\/p>\t\t\t\t\t\t\t\t<\/div>\n\t\t\t\t<\/div>\n\t\t\t\t\t<\/div>\n\t\t<\/div>\n\t\t\t\t\t<\/div>\n\t\t<\/section>\n\t\t\t\t<section class=\"elementor-section elementor-top-section elementor-element elementor-element-b082aef elementor-section-stretched elementor-section-boxed elementor-section-height-default elementor-section-height-default qodef-elementor-content-no\" data-id=\"b082aef\" data-element_type=\"section\" data-e-type=\"section\" data-settings=\"{&quot;stretch_section&quot;:&quot;section-stretched&quot;}\">\n\t\t\t\t\t\t<div class=\"elementor-container elementor-column-gap-default\">\n\t\t\t\t\t<div class=\"elementor-column elementor-col-100 elementor-top-column elementor-element elementor-element-ee03a61\" data-id=\"ee03a61\" data-element_type=\"column\" data-e-type=\"column\">\n\t\t\t<div class=\"elementor-widget-wrap elementor-element-populated\">\n\t\t\t\t\t\t<div class=\"elementor-element elementor-element-5cb27dd elementor-widget elementor-widget-html\" data-id=\"5cb27dd\" data-element_type=\"widget\" data-e-type=\"widget\" data-widget_type=\"html.default\">\n\t\t\t\t<div class=\"elementor-widget-container\">\n\t\t\t\t\t<div id=\"apartmentIframe192089\">\n<script type=\"text\/javascript\" src=\"https:\/\/login.smoobu.com\/js\/Settings\/BookingToolIframe.js\"><\/script>\n<script>BookingToolIframe.initialize({\"url\": \"https:\/\/login.smoobu.com\/fr\/booking-tool\/iframe\/56957\/192089\", \"baseUrl\": \"https:\/\/login.smoobu.com\", \"target\": \"#apartmentIframe192089\"})<\/script>\n<\/div>\t\t\t\t<\/div>\n\t\t\t\t<\/div>\n\t\t\t\t\t<\/div>\n\t\t<\/div>\n\t\t\t\t\t<\/div>\n\t\t<\/section>\n\t\t\t\t<\/div>\n\t\t","protected":false},"excerpt":{"rendered":"<p>R\u00e9servez votre s\u00e9jour Vous pouvez facilement r\u00e9server votre s\u00e9jour \u00e0 la Villa Trocadero via notre site Web. Choisissez la p\u00e9riode que vous souhaitez r\u00e9server, v\u00e9rifiez les disponibilit\u00e9s puis envoyez-nous un mail !<\/p>\n","protected":false},"author":2,"featured_media":4846,"parent":0,"menu_order":0,"comment_status":"closed","ping_status":"closed","template":"","meta":{"footnotes":""},"class_list":["post-4994","page","type-page","status-publish","has-post-thumbnail","hentry"],"yoast_head":"<!-- This site is optimized with the Yoast SEO plugin v27.5 - https:\/\/yoast.com\/product\/yoast-seo-wordpress\/ -->\n<title>Villa Trocadero l R\u00e9servez votre s\u00e9jour l Magnifique Villa de vacances<\/title>\n<meta name=\"description\" content=\"R\u00e9servation rapide &amp; facile. Choisissez la p\u00e9riode que vous souhaitez, v\u00e9rifiez les disponibilit\u00e9s puis envoyez-nous un mail !\" \/>\n<meta name=\"robots\" content=\"index, follow, max-snippet:-1, max-image-preview:large, max-video-preview:-1\" \/>\n<link rel=\"canonical\" href=\"https:\/\/villa-trocadero.com\/fr\/reservation\/\" \/>\n<meta property=\"og:locale\" content=\"fr_FR\" \/>\n<meta property=\"og:type\" content=\"article\" \/>\n<meta property=\"og:title\" content=\"Villa Trocadero l R\u00e9servez votre s\u00e9jour l Magnifique Villa de vacances\" \/>\n<meta property=\"og:description\" content=\"R\u00e9servation rapide &amp; facile. Choisissez la p\u00e9riode que vous souhaitez, v\u00e9rifiez les disponibilit\u00e9s puis envoyez-nous un mail !\" \/>\n<meta property=\"og:url\" content=\"https:\/\/villa-trocadero.com\/fr\/reservation\/\" \/>\n<meta property=\"og:site_name\" content=\"Villa Trocadero\" \/>\n<meta property=\"article:modified_time\" content=\"2021-04-07T20:24:07+00:00\" \/>\n<meta property=\"og:image\" content=\"https:\/\/villa-trocadero.com\/wp-content\/uploads\/2021\/03\/ean508_pool_01-1.jpeg\" \/>\n\t<meta property=\"og:image:width\" content=\"1024\" \/>\n\t<meta property=\"og:image:height\" content=\"652\" \/>\n\t<meta property=\"og:image:type\" content=\"image\/jpeg\" \/>\n<meta name=\"twitter:card\" content=\"summary_large_image\" \/>\n<meta name=\"twitter:label1\" content=\"Dur\u00e9e de lecture estim\u00e9e\" \/>\n\t<meta name=\"twitter:data1\" content=\"1 minute\" \/>\n<script type=\"application\/ld+json\" class=\"yoast-schema-graph\">{\"@context\":\"https:\\\/\\\/schema.org\",\"@graph\":[{\"@type\":\"WebPage\",\"@id\":\"https:\\\/\\\/villa-trocadero.com\\\/fr\\\/reservation\\\/\",\"url\":\"https:\\\/\\\/villa-trocadero.com\\\/fr\\\/reservation\\\/\",\"name\":\"Villa Trocadero l R\u00e9servez votre s\u00e9jour l Magnifique Villa de vacances\",\"isPartOf\":{\"@id\":\"https:\\\/\\\/villa-trocadero.com\\\/fr\\\/#website\"},\"primaryImageOfPage\":{\"@id\":\"https:\\\/\\\/villa-trocadero.com\\\/fr\\\/reservation\\\/#primaryimage\"},\"image\":{\"@id\":\"https:\\\/\\\/villa-trocadero.com\\\/fr\\\/reservation\\\/#primaryimage\"},\"thumbnailUrl\":\"https:\\\/\\\/villa-trocadero.com\\\/wp-content\\\/uploads\\\/2021\\\/03\\\/ean508_pool_01-1.jpeg\",\"datePublished\":\"2021-03-31T08:48:53+00:00\",\"dateModified\":\"2021-04-07T20:24:07+00:00\",\"description\":\"R\u00e9servation rapide & facile. Choisissez la p\u00e9riode que vous souhaitez, v\u00e9rifiez les disponibilit\u00e9s puis envoyez-nous un mail !\",\"breadcrumb\":{\"@id\":\"https:\\\/\\\/villa-trocadero.com\\\/fr\\\/reservation\\\/#breadcrumb\"},\"inLanguage\":\"fr-FR\",\"potentialAction\":[{\"@type\":\"ReadAction\",\"target\":[\"https:\\\/\\\/villa-trocadero.com\\\/fr\\\/reservation\\\/\"]}]},{\"@type\":\"ImageObject\",\"inLanguage\":\"fr-FR\",\"@id\":\"https:\\\/\\\/villa-trocadero.com\\\/fr\\\/reservation\\\/#primaryimage\",\"url\":\"https:\\\/\\\/villa-trocadero.com\\\/wp-content\\\/uploads\\\/2021\\\/03\\\/ean508_pool_01-1.jpeg\",\"contentUrl\":\"https:\\\/\\\/villa-trocadero.com\\\/wp-content\\\/uploads\\\/2021\\\/03\\\/ean508_pool_01-1.jpeg\",\"width\":1024,\"height\":652},{\"@type\":\"BreadcrumbList\",\"@id\":\"https:\\\/\\\/villa-trocadero.com\\\/fr\\\/reservation\\\/#breadcrumb\",\"itemListElement\":[{\"@type\":\"ListItem\",\"position\":1,\"name\":\"Home\",\"item\":\"https:\\\/\\\/villa-trocadero.com\\\/fr\\\/\"},{\"@type\":\"ListItem\",\"position\":2,\"name\":\"R\u00e9servation\"}]},{\"@type\":\"WebSite\",\"@id\":\"https:\\\/\\\/villa-trocadero.com\\\/fr\\\/#website\",\"url\":\"https:\\\/\\\/villa-trocadero.com\\\/fr\\\/\",\"name\":\"Villa Trocadero\",\"description\":\"Villa\",\"publisher\":{\"@id\":\"https:\\\/\\\/villa-trocadero.com\\\/fr\\\/#organization\"},\"potentialAction\":[{\"@type\":\"SearchAction\",\"target\":{\"@type\":\"EntryPoint\",\"urlTemplate\":\"https:\\\/\\\/villa-trocadero.com\\\/fr\\\/?s={search_term_string}\"},\"query-input\":{\"@type\":\"PropertyValueSpecification\",\"valueRequired\":true,\"valueName\":\"search_term_string\"}}],\"inLanguage\":\"fr-FR\"},{\"@type\":\"Organization\",\"@id\":\"https:\\\/\\\/villa-trocadero.com\\\/fr\\\/#organization\",\"name\":\"Villa Trocadero\",\"url\":\"https:\\\/\\\/villa-trocadero.com\\\/fr\\\/\",\"logo\":{\"@type\":\"ImageObject\",\"inLanguage\":\"fr-FR\",\"@id\":\"https:\\\/\\\/villa-trocadero.com\\\/fr\\\/#\\\/schema\\\/logo\\\/image\\\/\",\"url\":\"https:\\\/\\\/villa-trocadero.com\\\/wp-content\\\/uploads\\\/2021\\\/03\\\/cropped-Villa-trocadero-1-1.png\",\"contentUrl\":\"https:\\\/\\\/villa-trocadero.com\\\/wp-content\\\/uploads\\\/2021\\\/03\\\/cropped-Villa-trocadero-1-1.png\",\"width\":1000,\"height\":1000,\"caption\":\"Villa Trocadero\"},\"image\":{\"@id\":\"https:\\\/\\\/villa-trocadero.com\\\/fr\\\/#\\\/schema\\\/logo\\\/image\\\/\"}}]}<\/script>\n<!-- \/ Yoast SEO plugin. -->","yoast_head_json":{"title":"Villa Trocadero l R\u00e9servez votre s\u00e9jour l Magnifique Villa de vacances","description":"R\u00e9servation rapide & facile. Choisissez la p\u00e9riode que vous souhaitez, v\u00e9rifiez les disponibilit\u00e9s puis envoyez-nous un mail !","robots":{"index":"index","follow":"follow","max-snippet":"max-snippet:-1","max-image-preview":"max-image-preview:large","max-video-preview":"max-video-preview:-1"},"canonical":"https:\/\/villa-trocadero.com\/fr\/reservation\/","og_locale":"fr_FR","og_type":"article","og_title":"Villa Trocadero l R\u00e9servez votre s\u00e9jour l Magnifique Villa de vacances","og_description":"R\u00e9servation rapide & facile. Choisissez la p\u00e9riode que vous souhaitez, v\u00e9rifiez les disponibilit\u00e9s puis envoyez-nous un mail !","og_url":"https:\/\/villa-trocadero.com\/fr\/reservation\/","og_site_name":"Villa Trocadero","article_modified_time":"2021-04-07T20:24:07+00:00","og_image":[{"width":1024,"height":652,"url":"https:\/\/villa-trocadero.com\/wp-content\/uploads\/2021\/03\/ean508_pool_01-1.jpeg","type":"image\/jpeg"}],"twitter_card":"summary_large_image","twitter_misc":{"Dur\u00e9e de lecture estim\u00e9e":"1 minute"},"schema":{"@context":"https:\/\/schema.org","@graph":[{"@type":"WebPage","@id":"https:\/\/villa-trocadero.com\/fr\/reservation\/","url":"https:\/\/villa-trocadero.com\/fr\/reservation\/","name":"Villa Trocadero l R\u00e9servez votre s\u00e9jour l Magnifique Villa de vacances","isPartOf":{"@id":"https:\/\/villa-trocadero.com\/fr\/#website"},"primaryImageOfPage":{"@id":"https:\/\/villa-trocadero.com\/fr\/reservation\/#primaryimage"},"image":{"@id":"https:\/\/villa-trocadero.com\/fr\/reservation\/#primaryimage"},"thumbnailUrl":"https:\/\/villa-trocadero.com\/wp-content\/uploads\/2021\/03\/ean508_pool_01-1.jpeg","datePublished":"2021-03-31T08:48:53+00:00","dateModified":"2021-04-07T20:24:07+00:00","description":"R\u00e9servation rapide & facile. Choisissez la p\u00e9riode que vous souhaitez, v\u00e9rifiez les disponibilit\u00e9s puis envoyez-nous un mail !","breadcrumb":{"@id":"https:\/\/villa-trocadero.com\/fr\/reservation\/#breadcrumb"},"inLanguage":"fr-FR","potentialAction":[{"@type":"ReadAction","target":["https:\/\/villa-trocadero.com\/fr\/reservation\/"]}]},{"@type":"ImageObject","inLanguage":"fr-FR","@id":"https:\/\/villa-trocadero.com\/fr\/reservation\/#primaryimage","url":"https:\/\/villa-trocadero.com\/wp-content\/uploads\/2021\/03\/ean508_pool_01-1.jpeg","contentUrl":"https:\/\/villa-trocadero.com\/wp-content\/uploads\/2021\/03\/ean508_pool_01-1.jpeg","width":1024,"height":652},{"@type":"BreadcrumbList","@id":"https:\/\/villa-trocadero.com\/fr\/reservation\/#breadcrumb","itemListElement":[{"@type":"ListItem","position":1,"name":"Home","item":"https:\/\/villa-trocadero.com\/fr\/"},{"@type":"ListItem","position":2,"name":"R\u00e9servation"}]},{"@type":"WebSite","@id":"https:\/\/villa-trocadero.com\/fr\/#website","url":"https:\/\/villa-trocadero.com\/fr\/","name":"Villa Trocadero","description":"Villa","publisher":{"@id":"https:\/\/villa-trocadero.com\/fr\/#organization"},"potentialAction":[{"@type":"SearchAction","target":{"@type":"EntryPoint","urlTemplate":"https:\/\/villa-trocadero.com\/fr\/?s={search_term_string}"},"query-input":{"@type":"PropertyValueSpecification","valueRequired":true,"valueName":"search_term_string"}}],"inLanguage":"fr-FR"},{"@type":"Organization","@id":"https:\/\/villa-trocadero.com\/fr\/#organization","name":"Villa Trocadero","url":"https:\/\/villa-trocadero.com\/fr\/","logo":{"@type":"ImageObject","inLanguage":"fr-FR","@id":"https:\/\/villa-trocadero.com\/fr\/#\/schema\/logo\/image\/","url":"https:\/\/villa-trocadero.com\/wp-content\/uploads\/2021\/03\/cropped-Villa-trocadero-1-1.png","contentUrl":"https:\/\/villa-trocadero.com\/wp-content\/uploads\/2021\/03\/cropped-Villa-trocadero-1-1.png","width":1000,"height":1000,"caption":"Villa Trocadero"},"image":{"@id":"https:\/\/villa-trocadero.com\/fr\/#\/schema\/logo\/image\/"}}]}},"_links":{"self":[{"href":"https:\/\/villa-trocadero.com\/fr\/wp-json\/wp\/v2\/pages\/4994","targetHints":{"allow":["GET"]}}],"collection":[{"href":"https:\/\/villa-trocadero.com\/fr\/wp-json\/wp\/v2\/pages"}],"about":[{"href":"https:\/\/villa-trocadero.com\/fr\/wp-json\/wp\/v2\/types\/page"}],"author":[{"embeddable":true,"href":"https:\/\/villa-trocadero.com\/fr\/wp-json\/wp\/v2\/users\/2"}],"replies":[{"embeddable":true,"href":"https:\/\/villa-trocadero.com\/fr\/wp-json\/wp\/v2\/comments?post=4994"}],"version-history":[{"count":0,"href":"https:\/\/villa-trocadero.com\/fr\/wp-json\/wp\/v2\/pages\/4994\/revisions"}],"wp:featuredmedia":[{"embeddable":true,"href":"https:\/\/villa-trocadero.com\/fr\/wp-json\/wp\/v2\/media\/4846"}],"wp:attachment":[{"href":"https:\/\/villa-trocadero.com\/fr\/wp-json\/wp\/v2\/media?parent=4994"}],"curies":[{"name":"wp","href":"https:\/\/api.w.org\/{rel}","templated":true}]}}